{"id":171,"date":"2016-10-30T12:40:41","date_gmt":"2016-10-30T12:40:41","guid":{"rendered":"https:\/\/oceanwp.org\/travel\/?page_id=171"},"modified":"2026-04-09T13:47:52","modified_gmt":"2026-04-09T11:47:52","slug":"home","status":"publish","type":"page","link":"https:\/\/sensobusy.pl\/","title":{"rendered":"Home"},"content":{"rendered":"\t\t<div data-elementor-type=\"wp-post\" data-elementor-id=\"171\" class=\"elementor elementor-171\">\n\t\t\t\t<div class=\"elementor-element elementor-element-0d2481a e-flex e-con-boxed e-con e-parent\" data-id=\"0d2481a\" data-element_type=\"container\">\n\t\t\t\t\t<div class=\"e-con-inner\">\n\t\t<div class=\"elementor-element elementor-element-a91d637 e-con-full e-flex e-con e-child\" data-id=\"a91d637\" data-element_type=\"container\">\n\t\t\t\t<div class=\"elementor-element elementor-element-34e1ef9 elementor-widget elementor-widget-text-editor\" data-id=\"34e1ef9\" data-element_type=\"widget\" data-widget_type=\"text-editor.default\">\n\t\t\t\t\t\t\t\t\t<p data-start=\"148\" data-end=\"443\"><span style=\"font-size: 16px;\">Wn\u0119trze Sensobusu przenosi dzieci do niezwyk\u0142ego \u015bwiata. <br>To&nbsp;<\/span><strong data-start=\"515\" data-end=\"560\" style=\"font-size: 16px;\">przestrze\u0144 sensoryczna inspirowana natur\u0105<\/strong><span style=\"font-size: 16px;\">, wype\u0142niona<\/span><\/p>\n<p data-start=\"445\" data-end=\"866\">naturalnymi materia\u0142ami, d\u017awi\u0119kami, zapachami i \u015bwiat\u0142em. <br>Ka\u017cdy element \u2013 od faktury pod\u0142o\u017ca po zapachy i kolory <br>\u2013 zosta\u0142 zaczerpni\u0119ty&nbsp;<strong data-start=\"710\" data-end=\"737\">wprost z Sad\u00f3w Klemensa<\/strong>&nbsp;i przeniesiony <br>do wn\u0119trza pojazdu, by dzieci mog\u0142y do\u015bwiadcza\u0107 przyrody wszystkimi zmys\u0142ami \u2013 niezale\u017cnie od pogody i pory roku.<\/p>\n<p data-start=\"868\" data-end=\"1206\">Aran\u017cacje wn\u0119trza zmieniaj\u0105 si\u0119 wraz z sezonami, <br>a&nbsp;<strong data-start=\"919\" data-end=\"970\">scenariusze zaj\u0119\u0107 dopasowane s\u0105 do rytmu natury<\/strong>.<br data-start=\"971\" data-end=\"974\">Wiosn\u0105 dzieci budz\u0105 si\u0119 do \u017cycia wraz z p\u0105kami drzew, latem eksploruj\u0105 barwy i zapachy kwitn\u0105cych sad\u00f3w, jesieni\u0105 odkrywaj\u0105 bogactwo kolor\u00f3w i faktur li\u015bci, a zim\u0105 ucz\u0105 si\u0119 odnajdywa\u0107 spok\u00f3j <br>i cisz\u0119 natury w jej u\u015bpionej ods\u0142onie.<\/p>\n<p data-start=\"1208\" data-end=\"1441\">Ka\u017cdy metr przestrzeni Sensobusu zosta\u0142 zaprojektowany z my\u015bl\u0105 o&nbsp;<strong data-start=\"1273\" data-end=\"1319\">rozwoju zmys\u0142\u00f3w, emocji i uwa\u017cno\u015bci dzieci<\/strong>, poprzez zabaw\u0119, ruch <br>i kontakt z natur\u0105 \u2013 tak, by ka\u017cde spotkanie by\u0142o jednocze\u015bnie nauk\u0105, przygod\u0105 i chwil\u0105 wyciszenia.<\/p>\t\t\t\t\t\t\t\t<\/div>\n\t\t\t\t<\/div>\n\t\t<div class=\"elementor-element elementor-element-0788d10 e-con-full e-flex e-con e-child\" data-id=\"0788d10\" data-element_type=\"container\">\n\t\t\t\t<div class=\"elementor-element elementor-element-a302fe6 elementor-widget elementor-widget-image-carousel\" data-id=\"a302fe6\" data-element_type=\"widget\" data-settings=\"{&quot;slides_to_show&quot;:&quot;1&quot;,&quot;navigation&quot;:&quot;none&quot;,&quot;effect&quot;:&quot;fade&quot;,&quot;autoplay&quot;:&quot;yes&quot;,&quot;pause_on_hover&quot;:&quot;yes&quot;,&quot;pause_on_interaction&quot;:&quot;yes&quot;,&quot;autoplay_speed&quot;:5000,&quot;infinite&quot;:&quot;yes&quot;,&quot;speed&quot;:500}\" data-widget_type=\"image-carousel.default\">\n\t\t\t\t\t\t\t<div class=\"elementor-image-carousel-wrapper swiper\" role=\"region\" aria-roledescription=\"carousel\" aria-label=\"Karuzela obrazk\u00f3w\" dir=\"ltr\">\n\t\t\t<div class=\"elementor-image-carousel swiper-wrapper\" aria-live=\"off\">\n\t\t\t\t\t\t\t\t<div class=\"swiper-slide\" role=\"group\" aria-roledescription=\"slide\" aria-label=\"1 z 3\"><figure class=\"swiper-slide-inner\"><img decoding=\"async\" class=\"swiper-slide-image\" src=\"https:\/\/sensobusy.pl\/wp-content\/uploads\/2026\/01\/Sensobus_3.png\" alt=\"Sensobus_3\" \/><\/figure><\/div><div class=\"swiper-slide\" role=\"group\" aria-roledescription=\"slide\" aria-label=\"2 z 3\"><figure class=\"swiper-slide-inner\"><img decoding=\"async\" class=\"swiper-slide-image\" src=\"https:\/\/sensobusy.pl\/wp-content\/uploads\/2026\/01\/Sensobus_2.png\" alt=\"Sensobus_2\" \/><\/figure><\/div><div class=\"swiper-slide\" role=\"group\" aria-roledescription=\"slide\" aria-label=\"3 z 3\"><figure class=\"swiper-slide-inner\"><img decoding=\"async\" class=\"swiper-slide-image\" src=\"https:\/\/sensobusy.pl\/wp-content\/uploads\/2026\/01\/Sensobus_1.png\" alt=\"Sensobus_1\" \/><\/figure><\/div>\t\t\t<\/div>\n\t\t\t\t\t\t\t\n\t\t\t\t\t\t\t\t\t<\/div>\n\t\t\t\t\t\t<\/div>\n\t\t\t\t<\/div>\n\t\t\t\t\t<\/div>\n\t\t\t\t<\/div>\n\t\t<div class=\"elementor-element elementor-element-96ba92f e-flex e-con-boxed e-con e-parent\" data-id=\"96ba92f\" data-element_type=\"container\">\n\t\t\t\t\t<div class=\"e-con-inner\">\n\t\t\t\t<div class=\"elementor-element elementor-element-24c1820 elementor-widget-divider--separator-type-pattern elementor-widget-divider--no-spacing elementor-widget-divider--view-line elementor-widget elementor-widget-divider\" data-id=\"24c1820\" data-element_type=\"widget\" data-widget_type=\"divider.default\">\n\t\t\t\t\t\t\t<div class=\"elementor-divider\" style=\"--divider-pattern-url: url(&quot;data:image\/svg+xml,%3Csvg xmlns=&#039;http:\/\/www.w3.org\/2000\/svg&#039; preserveAspectRatio=&#039;xMidYMid meet&#039; overflow=&#039;visible&#039; height=&#039;100%&#039; viewBox=&#039;0 0 126 26&#039; fill=&#039;black&#039; stroke=&#039;none&#039;%3E%3Cpath d=&#039;M3,10.2c2.6,0,2.6,2,2.6,3.2S4.4,16.5,3,16.5s-3-1.4-3-3.2S0.4,10.2,3,10.2z M18.8,10.2c1.7,0,3.2,1.4,3.2,3.2s-1.4,3.2-3.2,3.2c-1.7,0-3.2-1.4-3.2-3.2S17,10.2,18.8,10.2z M34.6,10.2c1.5,0,2.6,1.4,2.6,3.2s-0.5,3.2-1.9,3.2c-1.5,0-3.4-1.4-3.4-3.2S33.1,10.2,34.6,10.2z M50.5,10.2c1.7,0,3.2,1.4,3.2,3.2s-1.4,3.2-3.2,3.2c-1.7,0-3.3-0.9-3.3-2.6S48.7,10.2,50.5,10.2z M66.2,10.2c1.5,0,3.4,1.4,3.4,3.2s-1.9,3.2-3.4,3.2c-1.5,0-2.6-0.4-2.6-2.1S64.8,10.2,66.2,10.2z M82.2,10.2c1.7,0.8,2.6,1.4,2.6,3.2s-0.1,3.2-1.6,3.2c-1.5,0-3.7-1.4-3.7-3.2S80.5,9.4,82.2,10.2zM98.6,10.2c1.5,0,2.6,0.4,2.6,2.1s-1.2,4.2-2.6,4.2c-1.5,0-3.7-0.4-3.7-2.1S97.1,10.2,98.6,10.2z M113.4,10.2c1.2,0,2.2,0.9,2.2,3.2s-0.1,3.2-1.3,3.2s-3.1-1.4-3.1-3.2S112.2,10.2,113.4,10.2z&#039;\/%3E%3C\/svg%3E&quot;);\">\n\t\t\t<span class=\"elementor-divider-separator\">\n\t\t\t\t\t\t<\/span>\n\t\t<\/div>\n\t\t\t\t\t\t<\/div>\n\t\t\t\t\t<\/div>\n\t\t\t\t<\/div>\n\t\t<div class=\"elementor-element elementor-element-a20bd41 e-flex e-con-boxed e-con e-parent\" data-id=\"a20bd41\" data-element_type=\"container\">\n\t\t\t\t\t<div class=\"e-con-inner\">\n\t\t\t\t<div class=\"elementor-element elementor-element-51465ff elementor-widget elementor-widget-image\" data-id=\"51465ff\" data-element_type=\"widget\" data-widget_type=\"image.default\">\n\t\t\t\t\t\t\t\t\t\t\t\t\t\t\t<img fetchpriority=\"high\" decoding=\"async\" width=\"490\" height=\"125\" src=\"https:\/\/sensobusy.pl\/wp-content\/uploads\/2026\/01\/zarezerwuj-wizyte.png\" class=\"attachment-large size-large wp-image-485\" alt=\"\" srcset=\"https:\/\/sensobusy.pl\/wp-content\/uploads\/2026\/01\/zarezerwuj-wizyte.png 490w, https:\/\/sensobusy.pl\/wp-content\/uploads\/2026\/01\/zarezerwuj-wizyte-300x77.png 300w\" sizes=\"(max-width: 490px) 100vw, 490px\" \/>\t\t\t\t\t\t\t\t\t\t\t\t\t\t\t<\/div>\n\t\t\t\t\t<\/div>\n\t\t\t\t<\/div>\n\t\t<div class=\"elementor-element elementor-element-a0bd9c2 e-flex e-con-boxed e-con e-parent\" data-id=\"a0bd9c2\" data-element_type=\"container\">\n\t\t\t\t\t<div class=\"e-con-inner\">\n\t\t\t\t<div class=\"elementor-element elementor-element-e38330d elementor-widget elementor-widget-text-editor\" data-id=\"e38330d\" data-element_type=\"widget\" data-widget_type=\"text-editor.default\">\n\t\t\t\t\t\t\t\t\t<div class=\"elementor-element elementor-element-480e8a8 elementor-widget elementor-widget-text-editor\" data-id=\"480e8a8\" data-element_type=\"widget\" data-widget_type=\"text-editor.default\"><div class=\"elementor-widget-container\"><p data-start=\"4640\" data-end=\"4818\"><strong>Sensobus Sad\u00f3w Klemensa jest dost\u0119pny dla:<\/strong><br data-start=\"4682\" data-end=\"4685\" \/>\u00a0\u017b\u0142obk\u00f3w \/ przedszkoli \/ szk\u00f3\u0142 podstawowych (klasy 0\u20133)<br \/>\/ plac\u00f3wek integracyjnych i o\u015brodk\u00f3w wspieraj\u0105cych rozw\u00f3j dzieci<\/p><p data-start=\"4820\" data-end=\"4973\">Skontaktuj si\u0119 z nami, by ustali\u0107 termin. <br \/>Zabierz swoje dzieci w\u00a0<strong data-start=\"4907\" data-end=\"4943\">zmys\u0142ow\u0105 podr\u00f3\u017c do \u015bwiata natury<\/strong> \u2013 obok Waszej plac\u00f3wki.<\/p><\/div><\/div>\t\t\t\t\t\t\t\t<\/div>\n\t\t\t\t\t<\/div>\n\t\t\t\t<\/div>\n\t\t<div class=\"elementor-element elementor-element-7857eca e-flex e-con-boxed e-con e-parent\" data-id=\"7857eca\" data-element_type=\"container\">\n\t\t\t\t\t<div class=\"e-con-inner\">\n\t\t<div class=\"elementor-element elementor-element-6b5a2b5 e-con-full e-flex e-con e-child\" data-id=\"6b5a2b5\" data-element_type=\"container\">\n\t\t\t\t<div class=\"elementor-element elementor-element-80e9f52 elementor-widget elementor-widget-image\" data-id=\"80e9f52\" data-element_type=\"widget\" data-widget_type=\"image.default\">\n\t\t\t\t\t\t\t\t\t\t\t\t\t\t\t<img decoding=\"async\" width=\"400\" height=\"116\" src=\"https:\/\/sensobusy.pl\/wp-content\/uploads\/2026\/04\/59zl.png\" class=\"attachment-large size-large wp-image-518\" alt=\"\" srcset=\"https:\/\/sensobusy.pl\/wp-content\/uploads\/2026\/04\/59zl.png 400w, https:\/\/sensobusy.pl\/wp-content\/uploads\/2026\/04\/59zl-300x87.png 300w\" sizes=\"(max-width: 400px) 100vw, 400px\" \/>\t\t\t\t\t\t\t\t\t\t\t\t\t\t\t<\/div>\n\t\t\t\t<\/div>\n\t\t<div class=\"elementor-element elementor-element-419410b e-con-full e-flex e-con e-child\" data-id=\"419410b\" data-element_type=\"container\">\n\t\t\t\t<div class=\"elementor-element elementor-element-6482da6 elementor-widget elementor-widget-text-editor\" data-id=\"6482da6\" data-element_type=\"widget\" data-widget_type=\"text-editor.default\">\n\t\t\t\t\t\t\t\t\t<p>Sensoryczna podr\u00f3\u017c dzielona jest na grupy <strong>10-15 osobowe<\/strong>, <br>kt\u00f3re <strong>przez 45 minut&nbsp;<\/strong>b\u0119d\u0105 czu\u0107, smakowa\u0107, dotyka\u0107 <br>i poznawa\u0107 ekspozycj\u0119 pe\u0142n\u0105 zachwyt\u00f3w i emocji.<\/p>\t\t\t\t\t\t\t\t<\/div>\n\t\t\t\t<\/div>\n\t\t\t\t\t<\/div>\n\t\t\t\t<\/div>\n\t\t<div class=\"elementor-element elementor-element-50c69eb e-flex e-con-boxed e-con e-parent\" data-id=\"50c69eb\" data-element_type=\"container\">\n\t\t\t\t\t<div class=\"e-con-inner\">\n\t\t<div class=\"elementor-element elementor-element-dee31fd e-con-full e-flex e-con e-child\" data-id=\"dee31fd\" data-element_type=\"container\">\n\t\t\t\t<div class=\"elementor-element elementor-element-a9d06b7 elementor-widget elementor-widget-image\" data-id=\"a9d06b7\" data-element_type=\"widget\" data-widget_type=\"image.default\">\n\t\t\t\t\t\t\t\t\t\t\t\t\t\t\t<img decoding=\"async\" src=\"https:\/\/sensobusy.pl\/wp-content\/uploads\/elementor\/thumbs\/phone-ribh5lhh4q8fibbj33366rn145stwfey4swny1l270.png\" title=\"phone\" alt=\"phone\" loading=\"lazy\" \/>\t\t\t\t\t\t\t\t\t\t\t\t\t\t\t<\/div>\n\t\t\t\t<div class=\"elementor-element elementor-element-31e1c1d elementor-widget elementor-widget-text-editor\" data-id=\"31e1c1d\" data-element_type=\"widget\" data-widget_type=\"text-editor.default\">\n\t\t\t\t\t\t\t\t\t<p>(+48) 576-648-660<\/p>\t\t\t\t\t\t\t\t<\/div>\n\t\t\t\t<\/div>\n\t\t<div class=\"elementor-element elementor-element-602394d e-con-full e-flex e-con e-child\" data-id=\"602394d\" data-element_type=\"container\">\n\t\t\t\t<div class=\"elementor-element elementor-element-d38c9f2 elementor-widget elementor-widget-image\" data-id=\"d38c9f2\" data-element_type=\"widget\" data-widget_type=\"image.default\">\n\t\t\t\t\t\t\t\t\t\t\t\t\t\t\t<img decoding=\"async\" src=\"https:\/\/sensobusy.pl\/wp-content\/uploads\/elementor\/thumbs\/listy-ribh5r4i9qg5fz3c65ixlq7soh116m1c5ktktpcp5o.png\" title=\"listy\" alt=\"listy\" loading=\"lazy\" \/>\t\t\t\t\t\t\t\t\t\t\t\t\t\t\t<\/div>\n\t\t\t\t<div class=\"elementor-element elementor-element-7bb579e elementor-widget elementor-widget-text-editor\" data-id=\"7bb579e\" data-element_type=\"widget\" data-widget_type=\"text-editor.default\">\n\t\t\t\t\t\t\t\t\t<p>sensobusy@sadyklemensa.pl<\/p>\t\t\t\t\t\t\t\t<\/div>\n\t\t\t\t<\/div>\n\t\t<div class=\"elementor-element elementor-element-2334257 e-con-full e-flex e-con e-child\" data-id=\"2334257\" data-element_type=\"container\">\n\t\t\t\t<div class=\"elementor-element elementor-element-9336c00 elementor-widget elementor-widget-image\" data-id=\"9336c00\" data-element_type=\"widget\" data-widget_type=\"image.default\">\n\t\t\t\t\t\t\t\t\t\t\t\t\t\t\t<img decoding=\"async\" src=\"https:\/\/sensobusy.pl\/wp-content\/uploads\/elementor\/thumbs\/drukarka-ribh5s2cgkhfrl1z0nxk67z99uweeb52hph2azbazg.png\" title=\"drukarka.png\" alt=\"drukarka.png\" loading=\"lazy\" \/>\t\t\t\t\t\t\t\t\t\t\t\t\t\t\t<\/div>\n\t\t\t\t<div class=\"elementor-element elementor-element-f06bc81 elementor-align-center elementor-widget elementor-widget-button\" data-id=\"f06bc81\" data-element_type=\"widget\" data-widget_type=\"button.default\">\n\t\t\t\t\t\t\t\t\t\t<a class=\"elementor-button elementor-button-link elementor-size-sm\" href=\"https:\/\/sadyklemensa.pl\/wp-content\/uploads\/2026\/01\/formularz-sensobusow.pdf\">\n\t\t\t\t\t\t<span class=\"elementor-button-content-wrapper\">\n\t\t\t\t\t\t\t\t\t<span class=\"elementor-button-text\">Pobierz formularz<\/span>\n\t\t\t\t\t<\/span>\n\t\t\t\t\t<\/a>\n\t\t\t\t\t\t\t\t<\/div>\n\t\t\t\t<\/div>\n\t\t\t\t\t<\/div>\n\t\t\t\t<\/div>\n\t\t<div class=\"elementor-element elementor-element-fc3999f e-flex e-con-boxed e-con e-parent\" data-id=\"fc3999f\" data-element_type=\"container\">\n\t\t\t\t\t<div class=\"e-con-inner\">\n\t\t\t\t<div class=\"elementor-element elementor-element-b909699 elementor-widget-divider--separator-type-pattern elementor-widget-divider--no-spacing elementor-widget-divider--view-line elementor-widget elementor-widget-divider\" data-id=\"b909699\" data-element_type=\"widget\" data-widget_type=\"divider.default\">\n\t\t\t\t\t\t\t<div class=\"elementor-divider\" style=\"--divider-pattern-url: url(&quot;data:image\/svg+xml,%3Csvg xmlns=&#039;http:\/\/www.w3.org\/2000\/svg&#039; preserveAspectRatio=&#039;xMidYMid meet&#039; overflow=&#039;visible&#039; height=&#039;100%&#039; viewBox=&#039;0 0 126 26&#039; fill=&#039;black&#039; stroke=&#039;none&#039;%3E%3Cpath d=&#039;M3,10.2c2.6,0,2.6,2,2.6,3.2S4.4,16.5,3,16.5s-3-1.4-3-3.2S0.4,10.2,3,10.2z M18.8,10.2c1.7,0,3.2,1.4,3.2,3.2s-1.4,3.2-3.2,3.2c-1.7,0-3.2-1.4-3.2-3.2S17,10.2,18.8,10.2z M34.6,10.2c1.5,0,2.6,1.4,2.6,3.2s-0.5,3.2-1.9,3.2c-1.5,0-3.4-1.4-3.4-3.2S33.1,10.2,34.6,10.2z M50.5,10.2c1.7,0,3.2,1.4,3.2,3.2s-1.4,3.2-3.2,3.2c-1.7,0-3.3-0.9-3.3-2.6S48.7,10.2,50.5,10.2z M66.2,10.2c1.5,0,3.4,1.4,3.4,3.2s-1.9,3.2-3.4,3.2c-1.5,0-2.6-0.4-2.6-2.1S64.8,10.2,66.2,10.2z M82.2,10.2c1.7,0.8,2.6,1.4,2.6,3.2s-0.1,3.2-1.6,3.2c-1.5,0-3.7-1.4-3.7-3.2S80.5,9.4,82.2,10.2zM98.6,10.2c1.5,0,2.6,0.4,2.6,2.1s-1.2,4.2-2.6,4.2c-1.5,0-3.7-0.4-3.7-2.1S97.1,10.2,98.6,10.2z M113.4,10.2c1.2,0,2.2,0.9,2.2,3.2s-0.1,3.2-1.3,3.2s-3.1-1.4-3.1-3.2S112.2,10.2,113.4,10.2z&#039;\/%3E%3C\/svg%3E&quot;);\">\n\t\t\t<span class=\"elementor-divider-separator\">\n\t\t\t\t\t\t<\/span>\n\t\t<\/div>\n\t\t\t\t\t\t<\/div>\n\t\t\t\t\t<\/div>\n\t\t\t\t<\/div>\n\t\t<div class=\"elementor-element elementor-element-468e398 e-flex e-con-boxed e-con e-parent\" data-id=\"468e398\" data-element_type=\"container\">\n\t\t\t\t\t<div class=\"e-con-inner\">\n\t\t\t\t\t<\/div>\n\t\t\t\t<\/div>\n\t\t\t\t<\/div>\n\t\t","protected":false},"excerpt":{"rendered":"<p>Wn\u0119trze Sensobusu przenosi dzieci do niezwyk\u0142ego \u015bwiata. To&nbsp;przestrze\u0144 sensoryczna inspirowana natur\u0105, wype\u0142niona naturalnymi materia\u0142ami, d\u017awi\u0119kami, zapachami i \u015bwiat\u0142em. Ka\u017cdy element \u2013 od faktury pod\u0142o\u017ca po zapachy i kolory \u2013 zosta\u0142 zaczerpni\u0119ty&nbsp;wprost z Sad\u00f3w Klemensa&nbsp;i przeniesiony do wn\u0119trza pojazdu, by dzieci mog\u0142y do\u015bwiadcza\u0107 przyrody wszystkimi zmys\u0142ami \u2013 niezale\u017cnie od pogody i pory roku. Aran\u017cacje wn\u0119trza zmieniaj\u0105 [&hellip;]<\/p>\n","protected":false},"author":2,"featured_media":0,"parent":0,"menu_order":0,"comment_status":"closed","ping_status":"closed","template":"","meta":{"ocean_post_layout":"full-screen","ocean_both_sidebars_style":"","ocean_both_sidebars_content_width":0,"ocean_both_sidebars_sidebars_width":0,"ocean_sidebar":"","ocean_second_sidebar":"","ocean_disable_margins":"on","ocean_add_body_class":"","ocean_shortcode_before_top_bar":"","ocean_shortcode_after_top_bar":"","ocean_shortcode_before_header":"","ocean_shortcode_after_header":"","ocean_has_shortcode":"","ocean_shortcode_after_title":"","ocean_shortcode_before_footer_widgets":"","ocean_shortcode_after_footer_widgets":"","ocean_shortcode_before_footer_bottom":"","ocean_shortcode_after_footer_bottom":"","ocean_display_top_bar":"default","ocean_display_header":"default","ocean_header_style":"","ocean_center_header_left_menu":"","ocean_custom_header_template":"","ocean_custom_logo":0,"ocean_custom_retina_logo":0,"ocean_custom_logo_max_width":0,"ocean_custom_logo_tablet_max_width":0,"ocean_custom_logo_mobile_max_width":0,"ocean_custom_logo_max_height":0,"ocean_custom_logo_tablet_max_height":0,"ocean_custom_logo_mobile_max_height":0,"ocean_header_custom_menu":"","ocean_menu_typo_font_family":"","ocean_menu_typo_font_subset":"","ocean_menu_typo_font_size":0,"ocean_menu_typo_font_size_tablet":0,"ocean_menu_typo_font_size_mobile":0,"ocean_menu_typo_font_size_unit":"px","ocean_menu_typo_font_weight":"","ocean_menu_typo_font_weight_tablet":"","ocean_menu_typo_font_weight_mobile":"","ocean_menu_typo_transform":"","ocean_menu_typo_transform_tablet":"","ocean_menu_typo_transform_mobile":"","ocean_menu_typo_line_height":0,"ocean_menu_typo_line_height_tablet":0,"ocean_menu_typo_line_height_mobile":0,"ocean_menu_typo_line_height_unit":"","ocean_menu_typo_spacing":0,"ocean_menu_typo_spacing_tablet":0,"ocean_menu_typo_spacing_mobile":0,"ocean_menu_typo_spacing_unit":"","ocean_menu_link_color":"","ocean_menu_link_color_hover":"","ocean_menu_link_color_active":"","ocean_menu_link_background":"","ocean_menu_link_hover_background":"","ocean_menu_link_active_background":"","ocean_menu_social_links_bg":"","ocean_menu_social_hover_links_bg":"","ocean_menu_social_links_color":"","ocean_menu_social_hover_links_color":"","ocean_disable_title":"on","ocean_disable_heading":"default","ocean_post_title":"","ocean_post_subheading":"","ocean_post_title_style":"","ocean_post_title_background_color":"","ocean_post_title_background":0,"ocean_post_title_bg_image_position":"","ocean_post_title_bg_image_attachment":"","ocean_post_title_bg_image_repeat":"","ocean_post_title_bg_image_size":"","ocean_post_title_height":0,"ocean_post_title_bg_overlay":0.5,"ocean_post_title_bg_overlay_color":"","ocean_disable_breadcrumbs":"default","ocean_breadcrumbs_color":"","ocean_breadcrumbs_separator_color":"","ocean_breadcrumbs_links_color":"","ocean_breadcrumbs_links_hover_color":"","ocean_display_footer_widgets":"default","ocean_display_footer_bottom":"default","ocean_custom_footer_template":"","footnotes":""},"class_list":["post-171","page","type-page","status-publish","hentry","entry"],"_links":{"self":[{"href":"https:\/\/sensobusy.pl\/index.php?rest_route=\/wp\/v2\/pages\/171","targetHints":{"allow":["GET"]}}],"collection":[{"href":"https:\/\/sensobusy.pl\/index.php?rest_route=\/wp\/v2\/pages"}],"about":[{"href":"https:\/\/sensobusy.pl\/index.php?rest_route=\/wp\/v2\/types\/page"}],"author":[{"embeddable":true,"href":"https:\/\/sensobusy.pl\/index.php?rest_route=\/wp\/v2\/users\/2"}],"replies":[{"embeddable":true,"href":"https:\/\/sensobusy.pl\/index.php?rest_route=%2Fwp%2Fv2%2Fcomments&post=171"}],"version-history":[{"count":13,"href":"https:\/\/sensobusy.pl\/index.php?rest_route=\/wp\/v2\/pages\/171\/revisions"}],"predecessor-version":[{"id":523,"href":"https:\/\/sensobusy.pl\/index.php?rest_route=\/wp\/v2\/pages\/171\/revisions\/523"}],"wp:attachment":[{"href":"https:\/\/sensobusy.pl\/index.php?rest_route=%2Fwp%2Fv2%2Fmedia&parent=171"}],"curies":[{"name":"wp","href":"https:\/\/api.w.org\/{rel}","templated":true}]}}